{"id":7,"date":"2025-07-07T21:19:38","date_gmt":"2025-07-07T21:19:38","guid":{"rendered":"https:\/\/goexllc.com\/portal\/?page_id=7"},"modified":"2025-07-09T14:54:05","modified_gmt":"2025-07-09T14:54:05","slug":"inicio","status":"publish","type":"page","link":"https:\/\/goexllc.com\/portal\/","title":{"rendered":"Inicio"},"content":{"rendered":"<p>[et_pb_section fb_built=&#8221;1&#8243; admin_label=&#8221;Header&#8221; _builder_version=&#8221;4.27.4&#8243; _module_preset=&#8221;94b61fa9-e769-488a-99e9-46ac2d951486&#8243; background_image=&#8221;https:\/\/goexllc.com\/portal\/wp-content\/uploads\/2025\/07\/Firefly_Close-up-of-sugarcane-with-a-plantation-in-the-background-field-environment-field-154441-scaled.jpg&#8221; custom_padding=&#8221;8vw||20vw||false|false&#8221; border_radii=&#8221;off|||3vw|3vw&#8221; collapsed=&#8221;off&#8221; global_colors_info=&#8221;{}&#8221;][et_pb_row _builder_version=&#8221;4.27.4&#8243; _module_preset=&#8221;default&#8221; global_colors_info=&#8221;{}&#8221;][et_pb_column type=&#8221;4_4&#8243; _builder_version=&#8221;4.22.0&#8243; _module_preset=&#8221;default&#8221; global_colors_info=&#8221;{}&#8221;][et_pb_heading title=&#8221;Exportadores de Azucar y Panela&#8221; _builder_version=&#8221;4.27.4&#8243; _module_preset=&#8221;c1253fe8-602a-4752-89bc-148a73740ac6&#8243; custom_margin=&#8221;||10px||false|false&#8221; global_colors_info=&#8221;{}&#8221;][\/et_pb_heading][et_pb_heading title=&#8221;Calidad Colombiana para el mundo&#8221; _builder_version=&#8221;4.27.4&#8243; _module_preset=&#8221;ade78d2b-645a-456a-8958-cc9544e046f1&#8243; global_colors_info=&#8221;{}&#8221;][\/et_pb_heading][et_pb_button button_url=&#8221;@ET-DC@eyJkeW5hbWljIjp0cnVlLCJjb250ZW50IjoicG9zdF9saW5rX3VybF9wYWdlIiwic2V0dGluZ3MiOnsicG9zdF9pZCI6IjEwMiJ9fQ==@&#8221; button_text=&#8221;Conoce nuestros productos&#8221; _builder_version=&#8221;4.27.4&#8243; _dynamic_attributes=&#8221;button_url&#8221; _module_preset=&#8221;ed010c11-b19d-4c99-9eec-35c7f496d9b6&#8243; global_colors_info=&#8221;{}&#8221;][\/et_pb_button][\/et_pb_column][\/et_pb_row][\/et_pb_section][et_pb_section fb_built=&#8221;1&#8243; admin_label=&#8221;Offer&#8221; _builder_version=&#8221;4.27.4&#8243; _module_preset=&#8221;81ba546c-dd92-4145-ab21-28dbff855d2a&#8221; border_radii=&#8221;off|3vw|3vw||&#8221; collapsed=&#8221;off&#8221; global_colors_info=&#8221;{%22gcid-a93f2103-1d8b-43bb-b21d-81d84bba8b15%22:%91%22background_color%22%93}&#8221;][et_pb_row _builder_version=&#8221;4.22.0&#8243; _module_preset=&#8221;default&#8221; global_colors_info=&#8221;{}&#8221;][et_pb_column type=&#8221;4_4&#8243; _builder_version=&#8221;4.22.0&#8243; _module_preset=&#8221;default&#8221; global_colors_info=&#8221;{}&#8221;][et_pb_heading title=&#8221;Nuestra oferta&#8221; _builder_version=&#8221;4.27.4&#8243; _module_preset=&#8221;638468c8-11bf-42a7-b5f3-3146cfd429da&#8221; title_text_align=&#8221;center&#8221; global_colors_info=&#8221;{}&#8221;][\/et_pb_heading][\/et_pb_column][\/et_pb_row][et_pb_row column_structure=&#8221;1_2,1_2&#8243; _builder_version=&#8221;4.24.0&#8243; _module_preset=&#8221;default&#8221; global_colors_info=&#8221;{}&#8221;][et_pb_column type=&#8221;1_2&#8243; _builder_version=&#8221;4.22.0&#8243; _module_preset=&#8221;default&#8221; global_colors_info=&#8221;{}&#8221;][et_pb_image src=&#8221;https:\/\/goexllc.com\/portal\/wp-content\/uploads\/2025\/07\/Firefly_granular-White-sugar-cane-dropping-from-a-wood-spoon-on-a-white-scenery-845067.jpg&#8221; title_text=&#8221;Firefly_granular White sugar cane dropping from a wood spoon on a white scenery 845067&#8243; url=&#8221;@ET-DC@eyJkeW5hbWljIjp0cnVlLCJjb250ZW50IjoicG9zdF9saW5rX3VybF9wYWdlIiwic2V0dGluZ3MiOnsicG9zdF9pZCI6IjEwMiJ9fQ==@&#8221; force_fullwidth=&#8221;on&#8221; _builder_version=&#8221;4.27.4&#8243; _dynamic_attributes=&#8221;url&#8221; _module_preset=&#8221;b95b5fcd-6fe3-4627-a3db-d8f82a3bc917&#8243; scroll_horizontal_motion_enable=&#8221;on&#8221; scroll_horizontal_motion=&#8221;0|70|70|100|0.3|0|0&#8243; motion_trigger_start=&#8221;top&#8221; global_colors_info=&#8221;{}&#8221;][\/et_pb_image][et_pb_heading title=&#8221;Azucar&#8221; _builder_version=&#8221;4.27.4&#8243; _module_preset=&#8221;05d1f98c-4595-40e3-a29e-a190ad292d8d&#8221; title_text_align=&#8221;center&#8221; custom_margin=&#8221;||10px||false|false&#8221; locked=&#8221;off&#8221; global_colors_info=&#8221;{}&#8221;][\/et_pb_heading][\/et_pb_column][et_pb_column type=&#8221;1_2&#8243; _builder_version=&#8221;4.22.0&#8243; _module_preset=&#8221;default&#8221; global_colors_info=&#8221;{}&#8221;][et_pb_image src=&#8221;https:\/\/goexllc.com\/portal\/wp-content\/uploads\/2025\/07\/panela-en-linea.jpg&#8221; title_text=&#8221;panela-en-linea&#8221; url=&#8221;@ET-DC@eyJkeW5hbWljIjp0cnVlLCJjb250ZW50IjoicG9zdF9saW5rX3VybF9wYWdlIiwic2V0dGluZ3MiOnsicG9zdF9pZCI6IjEwMiJ9fQ==@&#8221; force_fullwidth=&#8221;on&#8221; _builder_version=&#8221;4.27.4&#8243; _dynamic_attributes=&#8221;url&#8221; _module_preset=&#8221;b95b5fcd-6fe3-4627-a3db-d8f82a3bc917&#8243; scroll_horizontal_motion_enable=&#8221;on&#8221; scroll_horizontal_motion=&#8221;0|70|70|100|-0.3|0|0&#8243; motion_trigger_start=&#8221;top&#8221; global_colors_info=&#8221;{}&#8221;][\/et_pb_image][et_pb_heading title=&#8221;Panela&#8221; _builder_version=&#8221;4.27.4&#8243; _module_preset=&#8221;05d1f98c-4595-40e3-a29e-a190ad292d8d&#8221; title_text_align=&#8221;center&#8221; custom_margin=&#8221;||10px||false|false&#8221; locked=&#8221;off&#8221; global_colors_info=&#8221;{}&#8221;][\/et_pb_heading][\/et_pb_column][\/et_pb_row][et_pb_row _builder_version=&#8221;4.27.4&#8243; _module_preset=&#8221;default&#8221; global_colors_info=&#8221;{}&#8221;][et_pb_column type=&#8221;4_4&#8243; _builder_version=&#8221;4.27.4&#8243; _module_preset=&#8221;default&#8221; global_colors_info=&#8221;{}&#8221;][et_pb_button button_url=&#8221;@ET-DC@eyJkeW5hbWljIjp0cnVlLCJjb250ZW50IjoicG9zdF9saW5rX3VybF9wYWdlIiwic2V0dGluZ3MiOnsicG9zdF9pZCI6IjEwMiJ9fQ==@&#8221; button_text=&#8221;Ver productos&#8221; button_alignment=&#8221;center&#8221; _builder_version=&#8221;4.27.4&#8243; _dynamic_attributes=&#8221;button_url&#8221; _module_preset=&#8221;1e9bebd2-ed06-40e6-b008-1ede3101d680&#8243; locked=&#8221;off&#8221; global_colors_info=&#8221;{}&#8221;][\/et_pb_button][\/et_pb_column][\/et_pb_row][\/et_pb_section][et_pb_section fb_built=&#8221;1&#8243; admin_label=&#8221;Logistics&#8221; _builder_version=&#8221;4.27.4&#8243; _module_preset=&#8221;default&#8221; collapsed=&#8221;on&#8221; global_colors_info=&#8221;{}&#8221;][et_pb_row column_structure=&#8221;1_4,1_4,1_2&#8243; _builder_version=&#8221;4.27.0&#8243; _module_preset=&#8221;default&#8221; global_colors_info=&#8221;{}&#8221;][et_pb_column type=&#8221;1_4&#8243; _builder_version=&#8221;4.22.0&#8243; _module_preset=&#8221;default&#8221; global_colors_info=&#8221;{}&#8221;][et_pb_heading title=&#8221;Log\u00edstica internacional&#8221; _builder_version=&#8221;4.27.0&#8243; _module_preset=&#8221;05d1f98c-4595-40e3-a29e-a190ad292d8d&#8221; custom_margin=&#8221;||10px||false|false&#8221; locked=&#8221;off&#8221; global_colors_info=&#8221;{}&#8221;][\/et_pb_heading][et_pb_button button_text=&#8221;Contactanos&#8221; _builder_version=&#8221;4.27.4&#8243; _module_preset=&#8221;eface43c-e8c6-49b5-a352-7de4ef52964b&#8221; button_text_size=&#8221;14px&#8221; button_border_radius=&#8221;100px&#8221; button_font=&#8221;Inter|700|||||||&#8221; hover_enabled=&#8221;0&#8243; global_colors_info=&#8221;{}&#8221; button_url=&#8221;@ET-DC@eyJkeW5hbWljIjp0cnVlLCJjb250ZW50IjoicG9zdF9saW5rX3VybF9wYWdlIiwic2V0dGluZ3MiOnsicG9zdF9pZCI6IjE3In19@&#8221; _dynamic_attributes=&#8221;button_url&#8221; sticky_enabled=&#8221;0&#8243;][\/et_pb_button][\/et_pb_column][et_pb_column type=&#8221;1_4&#8243; _builder_version=&#8221;4.22.0&#8243; _module_preset=&#8221;default&#8221; global_colors_info=&#8221;{}&#8221;][et_pb_blurb icon_placement=&#8221;top&#8221; _builder_version=&#8221;4.27.4&#8243; _module_preset=&#8221;379598c6-cb3b-4653-901a-29617516e486&#8243; global_colors_info=&#8221;{}&#8221;]<\/p>\n<p><span style=\"font-weight: 400;\">Con m\u00e1s de 15 a\u00f1os de experiencia en comercio internacional, entendemos los desaf\u00edos del abastecimiento global. Por eso, ofrecemos entregas:<\/span><\/p>\n<ul>\n<li style=\"font-weight: 400;\" aria-level=\"1\"><span style=\"font-weight: 400;\"><strong>FOB<\/strong> (Puerto de origen)<\/span><\/li>\n<li style=\"font-weight: 400;\" aria-level=\"1\"><span style=\"font-weight: 400;\"><strong>CFR\/CIF<\/strong> (Puerto de destino)<\/span><\/li>\n<li style=\"font-weight: 400;\" aria-level=\"1\"><span style=\"font-weight: 400;\"><strong>DDP<\/strong> (Directo a la bodega del cliente)<\/span><span style=\"font-weight: 400;\"><\/span><\/li>\n<\/ul>\n<p><span style=\"font-weight: 400;\"><\/span><\/p>\n<p><span style=\"font-weight: 400;\"><\/span><\/p>\n<p>[\/et_pb_blurb][\/et_pb_column][et_pb_column type=&#8221;1_2&#8243; _builder_version=&#8221;4.22.0&#8243; _module_preset=&#8221;default&#8221; global_colors_info=&#8221;{}&#8221;][et_pb_image src=&#8221;https:\/\/goexllc.com\/portal\/wp-content\/uploads\/2025\/07\/exportacion-logistica-1.jpg&#8221; title_text=&#8221;exportacion-logistica&#8221; _builder_version=&#8221;4.27.4&#8243; _module_preset=&#8221;b95b5fcd-6fe3-4627-a3db-d8f82a3bc917&#8243; global_colors_info=&#8221;{}&#8221;][\/et_pb_image][\/et_pb_column][\/et_pb_row][\/et_pb_section][et_pb_section fb_built=&#8221;1&#8243; admin_label=&#8221;Feature&#8221; _builder_version=&#8221;4.27.0&#8243; _module_preset=&#8221;94b61fa9-e769-488a-99e9-46ac2d951486&#8243; custom_padding=&#8221;0px|||||&#8221; global_colors_info=&#8221;{}&#8221;][et_pb_row column_structure=&#8221;1_2,1_2&#8243; _builder_version=&#8221;4.27.4&#8243; _module_preset=&#8221;default&#8221; custom_margin=&#8221;||||false|false&#8221; custom_padding=&#8221;0px|||||&#8221; global_colors_info=&#8221;{}&#8221;][et_pb_column type=&#8221;1_2&#8243; _builder_version=&#8221;4.24.0&#8243; _module_preset=&#8221;default&#8221; global_colors_info=&#8221;{}&#8221;][et_pb_image src=&#8221;https:\/\/goexllc.com\/portal\/wp-content\/uploads\/2025\/07\/0-5ff4f3c1-4e53-4083-a3dc-144adcd489cf-512&#215;512.jpg&#8221; title_text=&#8221;renewable-energy-10&#8243; show_bottom_space=&#8221;off&#8221; align=&#8221;center&#8221; align_tablet=&#8221;center&#8221; align_phone=&#8221;center&#8221; align_last_edited=&#8221;on|desktop&#8221; _builder_version=&#8221;4.27.4&#8243; _module_preset=&#8221;b95b5fcd-6fe3-4627-a3db-d8f82a3bc917&#8243; module_alignment=&#8221;center&#8221; custom_margin=&#8221;3em||3em||false|false&#8221; global_colors_info=&#8221;{}&#8221;][\/et_pb_image][\/et_pb_column][et_pb_column type=&#8221;1_2&#8243; _builder_version=&#8221;4.24.0&#8243; _module_preset=&#8221;default&#8221; custom_padding=&#8221;7vw||||false|false&#8221; global_colors_info=&#8221;{}&#8221;][et_pb_heading title=&#8221;\u00bfPor qu\u00e9 elegir GoEx?&#8221; _builder_version=&#8221;4.27.0&#8243; _module_preset=&#8221;638468c8-11bf-42a7-b5f3-3146cfd429da&#8221; custom_margin=&#8221;||10px||false|false&#8221; locked=&#8221;off&#8221; global_colors_info=&#8221;{}&#8221;][\/et_pb_heading][et_pb_text _builder_version=&#8221;4.27.0&#8243; _module_preset=&#8221;63c65a39-cd73-47c1-8fae-3feab7b7eb9e&#8221; locked=&#8221;off&#8221; global_colors_info=&#8221;{}&#8221;]<\/p>\n<ul>\n<li style=\"font-weight: 400;\" aria-level=\"1\"><span style=\"font-weight: 400;\">Red de productores certificados en Latinoam\u00e9rica.<\/span><\/li>\n<li style=\"font-weight: 400;\" aria-level=\"1\"><span style=\"font-weight: 400;\">Servicio \u00e1gil, confiable y enfocado en tus necesidades.<\/span><\/li>\n<li style=\"font-weight: 400;\" aria-level=\"1\"><span style=\"font-weight: 400;\">Capacidad para personalizar empaques, marcas y entregas.<\/span><\/li>\n<\/ul>\n<p>[\/et_pb_text][\/et_pb_column][\/et_pb_row][\/et_pb_section]<\/p>\n","protected":false},"excerpt":{"rendered":"<p>Con m\u00e1s de 15 a\u00f1os de experiencia en comercio internacional, entendemos los desaf\u00edos del abastecimiento global. Por eso, ofrecemos entregas: FOB (Puerto de origen) CFR\/CIF (Puerto de destino) DDP (Directo a la bodega del cliente) Red de productores certificados en Latinoam\u00e9rica. Servicio \u00e1gil, confiable y enfocado en tus necesidades. Capacidad para personalizar empaques, marcas y [&hellip;]<\/p>\n","protected":false},"author":1,"featured_media":0,"parent":0,"menu_order":0,"comment_status":"closed","ping_status":"closed","template":"","meta":{"_et_pb_use_builder":"on","_et_pb_old_content":"","_et_gb_content_width":"","footnotes":""},"class_list":["post-7","page","type-page","status-publish","hentry"],"yoast_head":"<!-- This site is optimized with the Yoast SEO plugin v25.4 - https:\/\/yoast.com\/wordpress\/plugins\/seo\/ -->\n<title>Inicio - GoEX LLC<\/title>\n<meta name=\"robots\" content=\"index, follow, max-snippet:-1, max-image-preview:large, max-video-preview:-1\" \/>\n<link rel=\"canonical\" href=\"https:\/\/goexllc.com\/portal\/\" \/>\n<meta property=\"og:locale\" content=\"en_US\" \/>\n<meta property=\"og:type\" content=\"article\" \/>\n<meta property=\"og:title\" content=\"Inicio - GoEX LLC\" \/>\n<meta property=\"og:description\" content=\"Con m\u00e1s de 15 a\u00f1os de experiencia en comercio internacional, entendemos los desaf\u00edos del abastecimiento global. Por eso, ofrecemos entregas: FOB (Puerto de origen) CFR\/CIF (Puerto de destino) DDP (Directo a la bodega del cliente) Red de productores certificados en Latinoam\u00e9rica. Servicio \u00e1gil, confiable y enfocado en tus necesidades. Capacidad para personalizar empaques, marcas y [&hellip;]\" \/>\n<meta property=\"og:url\" content=\"https:\/\/goexllc.com\/portal\/\" \/>\n<meta property=\"og:site_name\" content=\"GoEX LLC\" \/>\n<meta property=\"article:modified_time\" content=\"2025-07-09T14:54:05+00:00\" \/>\n<meta name=\"twitter:card\" content=\"summary_large_image\" \/>\n<meta name=\"twitter:label1\" content=\"Est. reading time\" \/>\n\t<meta name=\"twitter:data1\" content=\"6 minutes\" \/>\n<script type=\"application\/ld+json\" class=\"yoast-schema-graph\">{\"@context\":\"https:\/\/schema.org\",\"@graph\":[{\"@type\":\"WebPage\",\"@id\":\"https:\/\/goexllc.com\/portal\/\",\"url\":\"https:\/\/goexllc.com\/portal\/\",\"name\":\"Inicio - GoEX LLC\",\"isPartOf\":{\"@id\":\"https:\/\/goexllc.com\/portal\/#website\"},\"datePublished\":\"2025-07-07T21:19:38+00:00\",\"dateModified\":\"2025-07-09T14:54:05+00:00\",\"breadcrumb\":{\"@id\":\"https:\/\/goexllc.com\/portal\/#breadcrumb\"},\"inLanguage\":\"en-US\",\"potentialAction\":[{\"@type\":\"ReadAction\",\"target\":[\"https:\/\/goexllc.com\/portal\/\"]}]},{\"@type\":\"BreadcrumbList\",\"@id\":\"https:\/\/goexllc.com\/portal\/#breadcrumb\",\"itemListElement\":[{\"@type\":\"ListItem\",\"position\":1,\"name\":\"Home\",\"item\":\"https:\/\/goexllc.com\/portal\/\"},{\"@type\":\"ListItem\",\"position\":2,\"name\":\"Inicio\"}]},{\"@type\":\"WebSite\",\"@id\":\"https:\/\/goexllc.com\/portal\/#website\",\"url\":\"https:\/\/goexllc.com\/portal\/\",\"name\":\"GoEX LLC\",\"description\":\"Exportadores de Az\u00facar y Panela a los Estados Unidos\",\"potentialAction\":[{\"@type\":\"SearchAction\",\"target\":{\"@type\":\"EntryPoint\",\"urlTemplate\":\"https:\/\/goexllc.com\/portal\/?s={search_term_string}\"},\"query-input\":{\"@type\":\"PropertyValueSpecification\",\"valueRequired\":true,\"valueName\":\"search_term_string\"}}],\"inLanguage\":\"en-US\"}]}<\/script>\n<!-- \/ Yoast SEO plugin. -->","yoast_head_json":{"title":"Inicio - GoEX LLC","robots":{"index":"index","follow":"follow","max-snippet":"max-snippet:-1","max-image-preview":"max-image-preview:large","max-video-preview":"max-video-preview:-1"},"canonical":"https:\/\/goexllc.com\/portal\/","og_locale":"en_US","og_type":"article","og_title":"Inicio - GoEX LLC","og_description":"Con m\u00e1s de 15 a\u00f1os de experiencia en comercio internacional, entendemos los desaf\u00edos del abastecimiento global. Por eso, ofrecemos entregas: FOB (Puerto de origen) CFR\/CIF (Puerto de destino) DDP (Directo a la bodega del cliente) Red de productores certificados en Latinoam\u00e9rica. Servicio \u00e1gil, confiable y enfocado en tus necesidades. Capacidad para personalizar empaques, marcas y [&hellip;]","og_url":"https:\/\/goexllc.com\/portal\/","og_site_name":"GoEX LLC","article_modified_time":"2025-07-09T14:54:05+00:00","twitter_card":"summary_large_image","twitter_misc":{"Est. reading time":"6 minutes"},"schema":{"@context":"https:\/\/schema.org","@graph":[{"@type":"WebPage","@id":"https:\/\/goexllc.com\/portal\/","url":"https:\/\/goexllc.com\/portal\/","name":"Inicio - GoEX LLC","isPartOf":{"@id":"https:\/\/goexllc.com\/portal\/#website"},"datePublished":"2025-07-07T21:19:38+00:00","dateModified":"2025-07-09T14:54:05+00:00","breadcrumb":{"@id":"https:\/\/goexllc.com\/portal\/#breadcrumb"},"inLanguage":"en-US","potentialAction":[{"@type":"ReadAction","target":["https:\/\/goexllc.com\/portal\/"]}]},{"@type":"BreadcrumbList","@id":"https:\/\/goexllc.com\/portal\/#breadcrumb","itemListElement":[{"@type":"ListItem","position":1,"name":"Home","item":"https:\/\/goexllc.com\/portal\/"},{"@type":"ListItem","position":2,"name":"Inicio"}]},{"@type":"WebSite","@id":"https:\/\/goexllc.com\/portal\/#website","url":"https:\/\/goexllc.com\/portal\/","name":"GoEX LLC","description":"Exportadores de Az\u00facar y Panela a los Estados Unidos","potentialAction":[{"@type":"SearchAction","target":{"@type":"EntryPoint","urlTemplate":"https:\/\/goexllc.com\/portal\/?s={search_term_string}"},"query-input":{"@type":"PropertyValueSpecification","valueRequired":true,"valueName":"search_term_string"}}],"inLanguage":"en-US"}]}},"_links":{"self":[{"href":"https:\/\/goexllc.com\/portal\/wp-json\/wp\/v2\/pages\/7","targetHints":{"allow":["GET"]}}],"collection":[{"href":"https:\/\/goexllc.com\/portal\/wp-json\/wp\/v2\/pages"}],"about":[{"href":"https:\/\/goexllc.com\/portal\/wp-json\/wp\/v2\/types\/page"}],"author":[{"embeddable":true,"href":"https:\/\/goexllc.com\/portal\/wp-json\/wp\/v2\/users\/1"}],"replies":[{"embeddable":true,"href":"https:\/\/goexllc.com\/portal\/wp-json\/wp\/v2\/comments?post=7"}],"version-history":[{"count":13,"href":"https:\/\/goexllc.com\/portal\/wp-json\/wp\/v2\/pages\/7\/revisions"}],"predecessor-version":[{"id":212,"href":"https:\/\/goexllc.com\/portal\/wp-json\/wp\/v2\/pages\/7\/revisions\/212"}],"wp:attachment":[{"href":"https:\/\/goexllc.com\/portal\/wp-json\/wp\/v2\/media?parent=7"}],"curies":[{"name":"wp","href":"https:\/\/api.w.org\/{rel}","templated":true}]}}