{"id":9,"date":"2025-07-07T21:19:38","date_gmt":"2025-07-07T21:19:38","guid":{"rendered":"https:\/\/goexllc.com\/portal\/?page_id=9"},"modified":"2025-07-08T13:15:13","modified_gmt":"2025-07-08T13:15:13","slug":"sobre-nosotros","status":"publish","type":"page","link":"https:\/\/goexllc.com\/portal\/sobre-nosotros\/","title":{"rendered":"Sobre nosotros"},"content":{"rendered":"<p>[et_pb_section fb_built=&#8221;1&#8243; admin_label=&#8221;Header&#8221; _builder_version=&#8221;4.27.0&#8243; _module_preset=&#8221;81ba546c-dd92-4145-ab21-28dbff855d2a&#8221; collapsed=&#8221;off&#8221; global_colors_info=&#8221;{}&#8221;][et_pb_row _builder_version=&#8221;4.24.0&#8243; _module_preset=&#8221;default&#8221; global_colors_info=&#8221;{}&#8221;][et_pb_column type=&#8221;4_4&#8243; _builder_version=&#8221;4.22.0&#8243; _module_preset=&#8221;default&#8221; global_colors_info=&#8221;{}&#8221;][et_pb_heading title=&#8221;Sobre nosotros&#8221; _builder_version=&#8221;4.27.0&#8243; _module_preset=&#8221;c1253fe8-602a-4752-89bc-148a73740ac6&#8243; global_colors_info=&#8221;{}&#8221;][\/et_pb_heading][\/et_pb_column][\/et_pb_row][et_pb_row column_structure=&#8221;1_2,1_2&#8243; _builder_version=&#8221;4.27.4&#8243; _module_preset=&#8221;default&#8221; global_colors_info=&#8221;{}&#8221;][et_pb_column type=&#8221;1_2&#8243; _builder_version=&#8221;4.27.4&#8243; _module_preset=&#8221;default&#8221; hover_enabled=&#8221;0&#8243; global_colors_info=&#8221;{}&#8221; sticky_enabled=&#8221;0&#8243;][et_pb_image src=&#8221;https:\/\/goexllc.com\/portal\/wp-content\/uploads\/2025\/07\/Firefly_Close-up-of-sugarcane-with-a-pla-400300-Eve-1-scaled-e1751954415928.jpg&#8221; title_text=&#8221;Firefly_Close-up of sugarcane with a pla 400300 Eve&#8221; _builder_version=&#8221;4.27.4&#8243; _module_preset=&#8221;b95b5fcd-6fe3-4627-a3db-d8f82a3bc917&#8243; hover_enabled=&#8221;0&#8243; global_colors_info=&#8221;{}&#8221; width=&#8221;100%&#8221; transform_scale=&#8221;92%|92%&#8221; sticky_enabled=&#8221;0&#8243;][\/et_pb_image][\/et_pb_column][et_pb_column type=&#8221;1_2&#8243; _builder_version=&#8221;4.22.0&#8243; _module_preset=&#8221;default&#8221; global_colors_info=&#8221;{}&#8221;][et_pb_heading title=&#8221;Goex LLC \u2013 Productos de Ca\u00f1a de Az\u00facar con Alcance Global&#8221; _builder_version=&#8221;4.27.4&#8243; _module_preset=&#8221;ade78d2b-645a-456a-8958-cc9544e046f1&#8243; global_colors_info=&#8221;{}&#8221;][\/et_pb_heading][et_pb_text _builder_version=&#8221;4.27.4&#8243; _module_preset=&#8221;63c65a39-cd73-47c1-8fae-3feab7b7eb9e&#8221; hover_enabled=&#8221;0&#8243; global_colors_info=&#8221;{}&#8221; sticky_enabled=&#8221;0&#8243;]<\/p>\n<p><span style=\"font-weight: 400;\">Ubicados en Florida, con experiencia global. En Goex LLC nos especializamos en la comercializaci\u00f3n de productos derivados de la ca\u00f1a de az\u00facar, como panela y az\u00facar, atendiendo mercados internacionales con soluciones log\u00edsticas a la medida<\/span><\/p>\n<p>[\/et_pb_text][et_pb_image src=&#8221;https:\/\/goexllc.com\/portal\/wp-content\/uploads\/2025\/07\/energy-1-1-2.jpg&#8221; title_text=&#8221;energy-1&#8243; _builder_version=&#8221;4.27.0&#8243; _module_preset=&#8221;b95b5fcd-6fe3-4627-a3db-d8f82a3bc917&#8243; width=&#8221;50%&#8221; global_colors_info=&#8221;{}&#8221;][\/et_pb_image][\/et_pb_column][\/et_pb_row][\/et_pb_section]<\/p>\n","protected":false},"excerpt":{"rendered":"<p>Ubicados en Florida, con experiencia global. En Goex LLC nos especializamos en la comercializaci\u00f3n de productos derivados de la ca\u00f1a de az\u00facar, como panela y az\u00facar, atendiendo mercados internacionales con soluciones log\u00edsticas a la medida<\/p>\n","protected":false},"author":1,"featured_media":0,"parent":0,"menu_order":0,"comment_status":"closed","ping_status":"closed","template":"","meta":{"_et_pb_use_builder":"on","_et_pb_old_content":"","_et_gb_content_width":"","footnotes":""},"class_list":["post-9","page","type-page","status-publish","hentry"],"yoast_head":"<!-- This site is optimized with the Yoast SEO plugin v25.4 - https:\/\/yoast.com\/wordpress\/plugins\/seo\/ -->\n<title>Sobre nosotros - GoEX LLC<\/title>\n<meta name=\"robots\" content=\"index, follow, max-snippet:-1, max-image-preview:large, max-video-preview:-1\" \/>\n<link rel=\"canonical\" href=\"https:\/\/goexllc.com\/portal\/sobre-nosotros\/\" \/>\n<meta property=\"og:locale\" content=\"en_US\" \/>\n<meta property=\"og:type\" content=\"article\" \/>\n<meta property=\"og:title\" content=\"Sobre nosotros - GoEX LLC\" \/>\n<meta property=\"og:description\" content=\"Ubicados en Florida, con experiencia global. En Goex LLC nos especializamos en la comercializaci\u00f3n de productos derivados de la ca\u00f1a de az\u00facar, como panela y az\u00facar, atendiendo mercados internacionales con soluciones log\u00edsticas a la medida\" \/>\n<meta property=\"og:url\" content=\"https:\/\/goexllc.com\/portal\/sobre-nosotros\/\" \/>\n<meta property=\"og:site_name\" content=\"GoEX LLC\" \/>\n<meta property=\"article:modified_time\" content=\"2025-07-08T13:15:13+00:00\" \/>\n<meta name=\"twitter:card\" content=\"summary_large_image\" \/>\n<meta name=\"twitter:label1\" content=\"Est. reading time\" \/>\n\t<meta name=\"twitter:data1\" content=\"2 minutes\" \/>\n<script type=\"application\/ld+json\" class=\"yoast-schema-graph\">{\"@context\":\"https:\/\/schema.org\",\"@graph\":[{\"@type\":\"WebPage\",\"@id\":\"https:\/\/goexllc.com\/portal\/sobre-nosotros\/\",\"url\":\"https:\/\/goexllc.com\/portal\/sobre-nosotros\/\",\"name\":\"Sobre nosotros - GoEX LLC\",\"isPartOf\":{\"@id\":\"https:\/\/goexllc.com\/portal\/#website\"},\"datePublished\":\"2025-07-07T21:19:38+00:00\",\"dateModified\":\"2025-07-08T13:15:13+00:00\",\"breadcrumb\":{\"@id\":\"https:\/\/goexllc.com\/portal\/sobre-nosotros\/#breadcrumb\"},\"inLanguage\":\"en-US\",\"potentialAction\":[{\"@type\":\"ReadAction\",\"target\":[\"https:\/\/goexllc.com\/portal\/sobre-nosotros\/\"]}]},{\"@type\":\"BreadcrumbList\",\"@id\":\"https:\/\/goexllc.com\/portal\/sobre-nosotros\/#breadcrumb\",\"itemListElement\":[{\"@type\":\"ListItem\",\"position\":1,\"name\":\"Home\",\"item\":\"https:\/\/goexllc.com\/portal\/\"},{\"@type\":\"ListItem\",\"position\":2,\"name\":\"Sobre nosotros\"}]},{\"@type\":\"WebSite\",\"@id\":\"https:\/\/goexllc.com\/portal\/#website\",\"url\":\"https:\/\/goexllc.com\/portal\/\",\"name\":\"GoEX LLC\",\"description\":\"Exportadores de Az\u00facar y Panela a los Estados Unidos\",\"potentialAction\":[{\"@type\":\"SearchAction\",\"target\":{\"@type\":\"EntryPoint\",\"urlTemplate\":\"https:\/\/goexllc.com\/portal\/?s={search_term_string}\"},\"query-input\":{\"@type\":\"PropertyValueSpecification\",\"valueRequired\":true,\"valueName\":\"search_term_string\"}}],\"inLanguage\":\"en-US\"}]}<\/script>\n<!-- \/ Yoast SEO plugin. -->","yoast_head_json":{"title":"Sobre nosotros - GoEX LLC","robots":{"index":"index","follow":"follow","max-snippet":"max-snippet:-1","max-image-preview":"max-image-preview:large","max-video-preview":"max-video-preview:-1"},"canonical":"https:\/\/goexllc.com\/portal\/sobre-nosotros\/","og_locale":"en_US","og_type":"article","og_title":"Sobre nosotros - GoEX LLC","og_description":"Ubicados en Florida, con experiencia global. En Goex LLC nos especializamos en la comercializaci\u00f3n de productos derivados de la ca\u00f1a de az\u00facar, como panela y az\u00facar, atendiendo mercados internacionales con soluciones log\u00edsticas a la medida","og_url":"https:\/\/goexllc.com\/portal\/sobre-nosotros\/","og_site_name":"GoEX LLC","article_modified_time":"2025-07-08T13:15:13+00:00","twitter_card":"summary_large_image","twitter_misc":{"Est. reading time":"2 minutes"},"schema":{"@context":"https:\/\/schema.org","@graph":[{"@type":"WebPage","@id":"https:\/\/goexllc.com\/portal\/sobre-nosotros\/","url":"https:\/\/goexllc.com\/portal\/sobre-nosotros\/","name":"Sobre nosotros - GoEX LLC","isPartOf":{"@id":"https:\/\/goexllc.com\/portal\/#website"},"datePublished":"2025-07-07T21:19:38+00:00","dateModified":"2025-07-08T13:15:13+00:00","breadcrumb":{"@id":"https:\/\/goexllc.com\/portal\/sobre-nosotros\/#breadcrumb"},"inLanguage":"en-US","potentialAction":[{"@type":"ReadAction","target":["https:\/\/goexllc.com\/portal\/sobre-nosotros\/"]}]},{"@type":"BreadcrumbList","@id":"https:\/\/goexllc.com\/portal\/sobre-nosotros\/#breadcrumb","itemListElement":[{"@type":"ListItem","position":1,"name":"Home","item":"https:\/\/goexllc.com\/portal\/"},{"@type":"ListItem","position":2,"name":"Sobre nosotros"}]},{"@type":"WebSite","@id":"https:\/\/goexllc.com\/portal\/#website","url":"https:\/\/goexllc.com\/portal\/","name":"GoEX LLC","description":"Exportadores de Az\u00facar y Panela a los Estados Unidos","potentialAction":[{"@type":"SearchAction","target":{"@type":"EntryPoint","urlTemplate":"https:\/\/goexllc.com\/portal\/?s={search_term_string}"},"query-input":{"@type":"PropertyValueSpecification","valueRequired":true,"valueName":"search_term_string"}}],"inLanguage":"en-US"}]}},"_links":{"self":[{"href":"https:\/\/goexllc.com\/portal\/wp-json\/wp\/v2\/pages\/9","targetHints":{"allow":["GET"]}}],"collection":[{"href":"https:\/\/goexllc.com\/portal\/wp-json\/wp\/v2\/pages"}],"about":[{"href":"https:\/\/goexllc.com\/portal\/wp-json\/wp\/v2\/types\/page"}],"author":[{"embeddable":true,"href":"https:\/\/goexllc.com\/portal\/wp-json\/wp\/v2\/users\/1"}],"replies":[{"embeddable":true,"href":"https:\/\/goexllc.com\/portal\/wp-json\/wp\/v2\/comments?post=9"}],"version-history":[{"count":5,"href":"https:\/\/goexllc.com\/portal\/wp-json\/wp\/v2\/pages\/9\/revisions"}],"predecessor-version":[{"id":183,"href":"https:\/\/goexllc.com\/portal\/wp-json\/wp\/v2\/pages\/9\/revisions\/183"}],"wp:attachment":[{"href":"https:\/\/goexllc.com\/portal\/wp-json\/wp\/v2\/media?parent=9"}],"curies":[{"name":"wp","href":"https:\/\/api.w.org\/{rel}","templated":true}]}}